{"id":927,"date":"2025-08-02T11:43:00","date_gmt":"2025-08-02T15:43:00","guid":{"rendered":"https:\/\/happyshop360.com\/?post_type=product&#038;p=927"},"modified":"2025-11-06T09:30:37","modified_gmt":"2025-11-06T14:30:37","slug":"recarga-basica-500","status":"publish","type":"product","link":"https:\/\/happyshop360.com\/en\/tienda\/recarga-basica-500\/","title":{"rendered":"Basic Recharge 500 CUP"},"content":{"rendered":"<p>Recarga b\u00e1sica de 500 CUP. Con 35 d\u00edas de vigencia desde su primer uso. El cliente tendr\u00e1 que especificar el n\u00famero de tel\u00e9fono a recargar.<\/p>\n<p>Puedes adquirir tantos planes como desees, siempre que dispongas de saldo en tu l\u00ednea o fondos en tu cuenta bancaria.<\/p>\n<p>Todos los planes tienen una vigencia de 35 d\u00edas a partir de su primer uso, hasta las 11:59 p.m. del d\u00eda de vencimiento.<\/p>\n<p>Recuerda consumir los recursos antes de la fecha de vencimiento para no perderlos.<\/p>\n<p>Si compras un nuevo plan y ya tienes otro activo, los recursos se suman y la vigencia se extiende.<\/p>","protected":false},"excerpt":{"rendered":"<p>Recarga b\u00e1sica de 500 CUP. Si prefieres estar conectado, nuestros planes con DATOS son para ti.<\/p>","protected":false},"featured_media":3017,"comment_status":"open","ping_status":"closed","template":"","meta":{"_rtcl_gb_attr":""},"location":[],"product_brand":[],"product_cat":[122],"product_tag":[],"class_list":{"0":"post-927","1":"product","2":"type-product","3":"status-publish","4":"has-post-thumbnail","6":"product_cat-recargas","8":"first","9":"instock","10":"virtual","11":"purchasable","12":"product-type-simple"},"aioseo_notices":[],"locations":[],"jetpack_sharing_enabled":true,"_links":{"self":[{"href":"https:\/\/happyshop360.com\/en\/wp-json\/wp\/v2\/product\/927","targetHints":{"allow":["GET"]}}],"collection":[{"href":"https:\/\/happyshop360.com\/en\/wp-json\/wp\/v2\/product"}],"about":[{"href":"https:\/\/happyshop360.com\/en\/wp-json\/wp\/v2\/types\/product"}],"replies":[{"embeddable":true,"href":"https:\/\/happyshop360.com\/en\/wp-json\/wp\/v2\/comments?post=927"}],"wp:featuredmedia":[{"embeddable":true,"href":"https:\/\/happyshop360.com\/en\/wp-json\/wp\/v2\/media\/3017"}],"wp:attachment":[{"href":"https:\/\/happyshop360.com\/en\/wp-json\/wp\/v2\/media?parent=927"}],"wp:term":[{"taxonomy":"location","embeddable":true,"href":"https:\/\/happyshop360.com\/en\/wp-json\/wp\/v2\/location?post=927"},{"taxonomy":"product_brand","embeddable":true,"href":"https:\/\/happyshop360.com\/en\/wp-json\/wp\/v2\/product_brand?post=927"},{"taxonomy":"product_cat","embeddable":true,"href":"https:\/\/happyshop360.com\/en\/wp-json\/wp\/v2\/product_cat?post=927"},{"taxonomy":"product_tag","embeddable":true,"href":"https:\/\/happyshop360.com\/en\/wp-json\/wp\/v2\/product_tag?post=927"}],"curies":[{"name":"wp","href":"https:\/\/api.w.org\/{rel}","templated":true}]}}