{"id":3563,"date":"2026-02-03T23:11:36","date_gmt":"2026-02-04T04:11:36","guid":{"rendered":"https:\/\/happyshop360.com\/?post_type=product&#038;p=3563"},"modified":"2026-04-01T00:04:40","modified_gmt":"2026-04-01T04:04:40","slug":"promo-larga-700","status":"publish","type":"product","link":"https:\/\/happyshop360.com\/en\/tienda\/promo-larga-700\/","title":{"rendered":"From April 1st to 30th, Unlimited Data 24\/7"},"content":{"rendered":"<p>Del 1 al 30 de Abril, los clientes de nuestros distribuidores internacionales que recarguen 700 CUP, disfrutar\u00e1n Datos Ilimitados las 24 horas, v\u00e1lidos por 10 d\u00edas.<\/p>\n<p>Reciben el monto recargado en el saldo principal y este mantiene el per\u00edodo de vigencia establecido (330 d\u00edas) a partir de recibida la recarga.<\/p>\n<p>Los Datos Ilimitados las 24 horas, se activan con la recarga recibida y tienen una vigencia de 10 d\u00edas, contados a partir de la recepci\u00f3n de la recarga.<\/p>\n<p>Los clientes que recarguen durante el per\u00edodo promocional y tengan recursos de planes con datos nacionales, plan toDus, combos internacionales y\/o planes nacionales (planes de datos extra en CUP y en USD), al momento de aplicar una recarga promocional, NO se les extender\u00e1 la fecha de vencimiento de los mismos.<\/p>\n<p>A los clientes que posean planes, combos o bonos con recursos de SMS y\/o MIN, NO se les extender\u00e1 la fecha de vigencia de dichos recursos.<\/p>","protected":false},"excerpt":{"rendered":"<p>Del 1 al 30 de Abril, los clientes internacionales que recarguen 700 CUP, disfrutar\u00e1n Datos Ilimitados las 24 horas, v\u00e1lidos por 10 d\u00edas.<\/p>","protected":false},"featured_media":2963,"comment_status":"open","ping_status":"closed","template":"","meta":{"_rtcl_gb_attr":""},"location":[],"product_brand":[],"product_cat":[122],"product_tag":[],"class_list":{"0":"post-3563","1":"product","2":"type-product","3":"status-publish","4":"has-post-thumbnail","6":"product_cat-recargas","8":"first","9":"instock","10":"sale","11":"featured","12":"virtual","13":"taxable","14":"purchasable","15":"product-type-simple"},"aioseo_notices":[],"locations":[],"jetpack_sharing_enabled":true,"_links":{"self":[{"href":"https:\/\/happyshop360.com\/en\/wp-json\/wp\/v2\/product\/3563","targetHints":{"allow":["GET"]}}],"collection":[{"href":"https:\/\/happyshop360.com\/en\/wp-json\/wp\/v2\/product"}],"about":[{"href":"https:\/\/happyshop360.com\/en\/wp-json\/wp\/v2\/types\/product"}],"replies":[{"embeddable":true,"href":"https:\/\/happyshop360.com\/en\/wp-json\/wp\/v2\/comments?post=3563"}],"wp:featuredmedia":[{"embeddable":true,"href":"https:\/\/happyshop360.com\/en\/wp-json\/wp\/v2\/media\/2963"}],"wp:attachment":[{"href":"https:\/\/happyshop360.com\/en\/wp-json\/wp\/v2\/media?parent=3563"}],"wp:term":[{"taxonomy":"location","embeddable":true,"href":"https:\/\/happyshop360.com\/en\/wp-json\/wp\/v2\/location?post=3563"},{"taxonomy":"product_brand","embeddable":true,"href":"https:\/\/happyshop360.com\/en\/wp-json\/wp\/v2\/product_brand?post=3563"},{"taxonomy":"product_cat","embeddable":true,"href":"https:\/\/happyshop360.com\/en\/wp-json\/wp\/v2\/product_cat?post=3563"},{"taxonomy":"product_tag","embeddable":true,"href":"https:\/\/happyshop360.com\/en\/wp-json\/wp\/v2\/product_tag?post=3563"}],"curies":[{"name":"wp","href":"https:\/\/api.w.org\/{rel}","templated":true}]}}