{"id":3544,"date":"2026-01-21T23:42:52","date_gmt":"2026-01-22T04:42:52","guid":{"rendered":"https:\/\/happyshop360.com\/?post_type=product&#038;p=3544"},"modified":"2026-01-21T23:42:52","modified_gmt":"2026-01-22T04:42:52","slug":"camara-de-salpicadero-ae-dc5013-f6","status":"publish","type":"product","link":"https:\/\/happyshop360.com\/en\/tienda\/camara-de-salpicadero-ae-dc5013-f6\/","title":{"rendered":"C\u00e1mara de Salpicadero AE-DC5013-F6"},"content":{"rendered":"<p>Descripci\u00f3n general de la c\u00e1mara para salpicadero AE-DC5013-F6<\/p>\n<p>Presentamos la c\u00e1mara para salpicadero AE-DC5013-F6 , dise\u00f1ada para mejorar tu experiencia de conducci\u00f3n gracias a sus funciones avanzadas y su facilidad de uso. Esta c\u00e1mara ofrece un completo conjunto de funciones para garantizar que tus viajes sean seguros, bien documentados y placenteros.<\/p>\n<p>Im\u00e1genes de alta resoluci\u00f3n<\/p>\n<p>Resoluci\u00f3n de hasta 1600P: captura cada detalle en la carretera con una claridad asombrosa.<\/p>\n<p>Lente gran angular dorada: un \u00e1ngulo de 130\u00b0 garantiza una visi\u00f3n amplia, minimizando los puntos ciegos.<\/p>\n<p>Apertura s\u00faper grande F1.6: ofrece una calidad de imagen excepcional, incluso en condiciones de poca luz, perfecta para conducir de noche.<\/p>\n<p>Funciones de audio y conectividad<\/p>\n<p>Micr\u00f3fono y altavoz incorporados: facilita la grabaci\u00f3n y reproducci\u00f3n de audio n\u00edtida.<\/p>\n<p>M\u00f3dulo WiFi integrado: permite una conectividad perfecta y admite la funci\u00f3n WiFi AP para una f\u00e1cil transferencia de datos y conectividad de aplicaciones.<\/p>\n<p>Capacidades de grabaci\u00f3n inteligente<\/p>\n<p>M\u00f3dulo G-Sensor: activa autom\u00e1ticamente la grabaci\u00f3n de video durante una colisi\u00f3n o vibraciones repentinas, con una opci\u00f3n de no sobrescritura para im\u00e1genes cruciales.<\/p>\n<p>Compatibilidad con tarjetas SD: graba y almacena hasta 128 GB de datos de video, con una opci\u00f3n para sobrescribir archivos m\u00e1s antiguos para ahorrar espacio.<\/p>\n<p>Integraci\u00f3n de la aplicaci\u00f3n del tel\u00e9fono<\/p>\n<p>Visualizaci\u00f3n en vivo y reproducci\u00f3n: acceda a im\u00e1genes en tiempo real y reproduzca grabaciones directamente desde su tel\u00e9fono inteligente.<\/p>\n<p>Configuraci\u00f3n de par\u00e1metros: ajuste f\u00e1cilmente la configuraci\u00f3n y las preferencias a trav\u00e9s de la aplicaci\u00f3n.<\/p>\n<p>Reconocimiento de voz y funciones ADAS<\/p>\n<p>Comandos de reconocimiento de voz: controle la c\u00e1mara para tablero con manos libres con comandos como &#8220;Instant\u00e1nea&#8221;, &#8220;Grabaci\u00f3n activada&#8221; y &#8220;Grabaci\u00f3n desactivada&#8221;.<\/p>\n<p>Sistemas avanzados de asistencia al conductor (ADAS): incluye funciones como notificaciones de &#8220;Sem\u00e1foro en verde&#8221;, &#8220;Reconocimiento de l\u00edmite de velocidad&#8221; y &#8220;Recordatorio de arranque del veh\u00edculo delantero&#8221; para mejorar la seguridad al conducir.<\/p>\n<p>Dise\u00f1o f\u00e1cil de usar<\/p>\n<p>Instalaci\u00f3n Plug and Play: la configuraci\u00f3n sencilla garantiza que comience a grabar inmediatamente despu\u00e9s de encenderlo.<\/p>\n<p>Bajo consumo de energ\u00eda: ofrece un alto rendimiento sin agotar la bater\u00eda de su veh\u00edculo.<\/p>\n<p>La c\u00e1mara para salpicadero AE-DC5013-F6 est\u00e1 dise\u00f1ada para ofrecer un rendimiento fiable y tranquilidad en cada viaje. Ya sea que est\u00e9s conduciendo por la ciudad o en un viaje por carretera, esta c\u00e1mara para salpicadero ser\u00e1 tu fiel compa\u00f1era para capturar cada momento en la carretera.<\/p>","protected":false},"excerpt":{"rendered":"<p>C\u00e1mara para salpicadero AE-DC5013-F6 , dise\u00f1ada para mejorar tu experiencia de conducci\u00f3n gracias a sus funciones avanzadas y su facilidad de uso.<\/p>","protected":false},"featured_media":3545,"comment_status":"open","ping_status":"closed","template":"","meta":{"_rtcl_gb_attr":""},"location":[],"product_brand":[],"product_cat":[6909],"product_tag":[],"class_list":{"0":"post-3544","1":"product","2":"type-product","3":"status-publish","4":"has-post-thumbnail","6":"product_cat-vigilancia-seguridad","8":"first","9":"instock","10":"taxable","11":"shipping-taxable","12":"purchasable","13":"product-type-simple"},"aioseo_notices":[],"locations":[],"jetpack_sharing_enabled":true,"_links":{"self":[{"href":"https:\/\/happyshop360.com\/en\/wp-json\/wp\/v2\/product\/3544","targetHints":{"allow":["GET"]}}],"collection":[{"href":"https:\/\/happyshop360.com\/en\/wp-json\/wp\/v2\/product"}],"about":[{"href":"https:\/\/happyshop360.com\/en\/wp-json\/wp\/v2\/types\/product"}],"replies":[{"embeddable":true,"href":"https:\/\/happyshop360.com\/en\/wp-json\/wp\/v2\/comments?post=3544"}],"wp:featuredmedia":[{"embeddable":true,"href":"https:\/\/happyshop360.com\/en\/wp-json\/wp\/v2\/media\/3545"}],"wp:attachment":[{"href":"https:\/\/happyshop360.com\/en\/wp-json\/wp\/v2\/media?parent=3544"}],"wp:term":[{"taxonomy":"location","embeddable":true,"href":"https:\/\/happyshop360.com\/en\/wp-json\/wp\/v2\/location?post=3544"},{"taxonomy":"product_brand","embeddable":true,"href":"https:\/\/happyshop360.com\/en\/wp-json\/wp\/v2\/product_brand?post=3544"},{"taxonomy":"product_cat","embeddable":true,"href":"https:\/\/happyshop360.com\/en\/wp-json\/wp\/v2\/product_cat?post=3544"},{"taxonomy":"product_tag","embeddable":true,"href":"https:\/\/happyshop360.com\/en\/wp-json\/wp\/v2\/product_tag?post=3544"}],"curies":[{"name":"wp","href":"https:\/\/api.w.org\/{rel}","templated":true}]}}