{"id":3542,"date":"2026-01-21T22:51:45","date_gmt":"2026-01-22T03:51:45","guid":{"rendered":"https:\/\/happyshop360.com\/?post_type=product&#038;p=3542"},"modified":"2026-01-21T23:43:40","modified_gmt":"2026-01-22T04:43:40","slug":"kit-de-vigilancia-ek-s31p4dlt44t1","status":"publish","type":"product","link":"https:\/\/happyshop360.com\/en\/tienda\/kit-de-vigilancia-ek-s31p4dlt44t1\/","title":{"rendered":"Kit de vigilancia EK-S31P4DLT44T1"},"content":{"rendered":"<p><strong>EK-S31P4DLT44T1:<\/strong> Kit de vigilancia de 4 canales y doble iluminaci\u00f3n de 4 MP con (4) c\u00e1maras de torreta, NVR 4K y disco duro de 1 TB (compatible con la NDAA)<\/p>\n<p>Este kit de vigilancia profesional Uniview combina un NVR PoE de 4 canales , cuatro c\u00e1maras turret de 4 MP con doble iluminaci\u00f3n y un disco duro de vigilancia WD Purple de 1 TB para ofrecer una soluci\u00f3n de seguridad IP lista para usar que cumple con la NDAA. Dise\u00f1ado para entornos comerciales peque\u00f1os y medianos, ofrece una implementaci\u00f3n de alta eficiencia, audio integrado, iluminaci\u00f3n de doble iluminaci\u00f3n y un rendimiento confiable a largo plazo.<\/p>\n<p><strong>Caracter\u00edsticas del producto<\/strong><\/p>\n<p>* NVR PoE 4K de 4 canales (NVR301-04S3-P4) con soporte Ultra 265\/H.265\/H.264<br \/>\n* (4) C\u00e1maras de torreta de doble luz de 4 MP (IPC3614LB-AF28K-DL) con sensor CMOS de 1\/3&#8243;<br \/>\n* Iluminaci\u00f3n LED c\u00e1lida de doble luz que se activa con eventos de movimiento<br \/>\n* Lente gran angular de 2,8 mm para una m\u00e1xima cobertura de campo<br \/>\nde hasta 30 m (98 pies) \u2022 Alcance de luz c\u00e1lida e infrarroja<br \/>\n* Micr\u00f3fono incorporado para captura de audio.<br \/>\n* Construcci\u00f3n resistente a la intemperie con clasificaci\u00f3n IP67<br \/>\n* PoE integrado para una instalaci\u00f3n plug-and-play simplificada<br \/>\n* HDD de vigilancia WD Purple de 1 TB incluido<br \/>\n* Compatible con la aplicaci\u00f3n m\u00f3vil EZView, EZStation VMS y UNV Link Pro<br \/>\n* Admite grabaci\u00f3n de hasta 8 MP y perfiles ONVIF S\/G\/T<br \/>\n* Hardware compatible con NDAA para instalaciones reguladas o federales<\/p>","protected":false},"excerpt":{"rendered":"<p><strong>EK-S31P4DLT44T1:<\/strong> Kit de vigilancia de 4 canales y doble iluminaci\u00f3n de 4 MP con (4) c\u00e1maras de torreta, NVR 4K y disco duro de 1 TB (compatible con la NDAA)<\/p>","protected":false},"featured_media":3543,"comment_status":"open","ping_status":"closed","template":"","meta":{"_rtcl_gb_attr":""},"location":[],"product_brand":[],"product_cat":[6909],"product_tag":[],"class_list":{"0":"post-3542","1":"product","2":"type-product","3":"status-publish","4":"has-post-thumbnail","6":"product_cat-vigilancia-seguridad","8":"first","9":"instock","10":"taxable","11":"shipping-taxable","12":"purchasable","13":"product-type-simple"},"aioseo_notices":[],"locations":[],"jetpack_sharing_enabled":true,"_links":{"self":[{"href":"https:\/\/happyshop360.com\/en\/wp-json\/wp\/v2\/product\/3542","targetHints":{"allow":["GET"]}}],"collection":[{"href":"https:\/\/happyshop360.com\/en\/wp-json\/wp\/v2\/product"}],"about":[{"href":"https:\/\/happyshop360.com\/en\/wp-json\/wp\/v2\/types\/product"}],"replies":[{"embeddable":true,"href":"https:\/\/happyshop360.com\/en\/wp-json\/wp\/v2\/comments?post=3542"}],"wp:featuredmedia":[{"embeddable":true,"href":"https:\/\/happyshop360.com\/en\/wp-json\/wp\/v2\/media\/3543"}],"wp:attachment":[{"href":"https:\/\/happyshop360.com\/en\/wp-json\/wp\/v2\/media?parent=3542"}],"wp:term":[{"taxonomy":"location","embeddable":true,"href":"https:\/\/happyshop360.com\/en\/wp-json\/wp\/v2\/location?post=3542"},{"taxonomy":"product_brand","embeddable":true,"href":"https:\/\/happyshop360.com\/en\/wp-json\/wp\/v2\/product_brand?post=3542"},{"taxonomy":"product_cat","embeddable":true,"href":"https:\/\/happyshop360.com\/en\/wp-json\/wp\/v2\/product_cat?post=3542"},{"taxonomy":"product_tag","embeddable":true,"href":"https:\/\/happyshop360.com\/en\/wp-json\/wp\/v2\/product_tag?post=3542"}],"curies":[{"name":"wp","href":"https:\/\/api.w.org\/{rel}","templated":true}]}}