{"id":3537,"date":"2026-01-21T22:33:27","date_gmt":"2026-01-22T03:33:27","guid":{"rendered":"https:\/\/happyshop360.com\/?post_type=product&#038;p=3537"},"modified":"2026-01-21T23:04:31","modified_gmt":"2026-01-22T04:04:31","slug":"kit-de-vigilancia-ek-bq2p16dlt412t4","status":"publish","type":"product","link":"https:\/\/happyshop360.com\/en\/tienda\/kit-de-vigilancia-ek-bq2p16dlt412t4\/","title":{"rendered":"Kit de vigilancia EK-BQ2P16DLT412T4"},"content":{"rendered":"<p>EK-BQ2P16DLT412T4: Kit de vigilancia de doble luz de 16 canales que cumple con la NDAA, con NVR PoE y disco duro de 4 TB<\/p>\n<p>Un kit de vigilancia totalmente profesional, compatible con la NDAA del programa UNV, dise\u00f1ado para integradores que requieren an\u00e1lisis optimizados, una implementaci\u00f3n PoE limpia y un funcionamiento estable a largo plazo. Este sistema incluye un NVR PoE de 16 canales , doce c\u00e1maras de torreta de doble luz de 4 MP con detecci\u00f3n de movimiento ultra (UMD) preinstalado y un disco duro WD Purple de 4 TB , lo que ofrece una soluci\u00f3n de alta eficiencia para pymes, entornos regulados e implementaciones perimetrales multic\u00e1mara.<\/p>\n<p><strong>Caracter\u00edsticas del producto<\/strong><\/p>\n<p>* Doce IPC3614LB-AF28KU-DL de 4 MP con detecci\u00f3n de movimiento ultra (UMD) para filtrado inteligente de personas y veh\u00edculos. c\u00e1maras de doble luz<br \/>\n* Sensor CMOS de 1\/3&#8243; , lente fija de 2,8 mm , micr\u00f3fono incorporado, Smart IR (30 m), disuasi\u00f3n de luz c\u00e1lida (30 m), DWDR, modo corredor y DNR 2D\/3D.<br \/>\n* NVR302-16B-P16-IQ con 16 puertos PoE independientes, decodificaci\u00f3n Ultra 265\/H.265\/H.264, salida HDMI 4K, soporte de transmisi\u00f3n dual y ANR.<br \/>\n* An\u00e1lisis NVR avanzado: SIP, UMD, detecci\u00f3n de rostros, comparaci\u00f3n de rostros, conteo de personas, mapeo de calor, clasificaci\u00f3n de veh\u00edculos.<br \/>\n* Cumplimiento total de la NDAA para instalaciones gubernamentales, municipales y comerciales seguras.<br \/>\n* Acceso m\u00f3vil a trav\u00e9s de UNV-Link (usuarios finales) y UNV-Link Pro (instaladores).<br \/>\n* C\u00e1maras con clasificaci\u00f3n IP67 , dise\u00f1adas para implementaci\u00f3n de grado industrial en interiores y exteriores.<br \/>\npreinstalado \u2022 Disco duro WD Purple de 4 TB , optimizado para vigilancia para operaciones de escritura continua.<\/p>\n<p><strong>Ventajas del producto<\/strong><\/p>\n<p>* UMD (detecci\u00f3n de movimiento ultra) disponible en todos los canales: reduce significativamente las falsas alarmas causadas por lluvia, insectos, sombras o faros.<br \/>\n* Implementaci\u00f3n plug-and-play real a trav\u00e9s de puertos PoE independientes , ideal para cableado estructurado a gran escala o implementaciones de SMB.<br \/>\n* La arquitectura de luz dual permite la captura de evidencia en color durante la noche , mejorando los detalles forenses y la disuasi\u00f3n activa.<br \/>\n* La alta capacidad de decodificaci\u00f3n permite un monitoreo confiable de la sala de control con m\u00faltiples vistas.<br \/>\n* Las aplicaciones para usuarios finales e integradores proporcionan actualizaciones de firmware remotas, configuraci\u00f3n por lotes, diagn\u00f3sticos de red y administraci\u00f3n de dos niveles.<br \/>\n* Optimizado para entornos perimetrales, de almac\u00e9n y multizona que requieren filtrado inteligente y distribuci\u00f3n de carga PoE estable.<br \/>\n* Interoperabilidad robusta ONVIF S\/G\/T para implementaciones h\u00edbridas.<\/p>\n<p><strong>Aplicaciones profesionales<\/strong><\/p>\n<p>* Vigilancia de PYMES (minoristas, cl\u00ednicas, almacenes, log\u00edstica, fabricaci\u00f3n).<br \/>\n* HOA y unidades residenciales multifamiliares que requieren filtrado inteligente e im\u00e1genes nocturnas en color.<br \/>\n* Entornos regulados por la NDAA: instalaciones gubernamentales, instituciones p\u00fablicas y contratistas.<br \/>\n* Los per\u00edmetros exteriores de alta actividad se benefician de la reducci\u00f3n de eventos falsos de la UMD.<br \/>\n* Restaurantes, guarder\u00edas y tiendas de conveniencia que utilizan flujos de trabajo de monitoreo que priorizan los dispositivos m\u00f3viles.<br \/>\n* Implementaciones de integradores que requieren diagn\u00f3sticos de red estructurados y mantenimiento posterior a la instalaci\u00f3n simplificado.<\/p>","protected":false},"excerpt":{"rendered":"<p>EK-BQ2P16DLT412T4: Kit de vigilancia de doble luz de 16 canales que cumple con la NDAA, con NVR PoE y disco duro de 4 TB, dise\u00f1ado para integradores.<\/p>","protected":false},"featured_media":3541,"comment_status":"open","ping_status":"closed","template":"","meta":{"_rtcl_gb_attr":""},"location":[],"product_brand":[],"product_cat":[6909],"product_tag":[],"class_list":{"0":"post-3537","1":"product","2":"type-product","3":"status-publish","4":"has-post-thumbnail","6":"product_cat-vigilancia-seguridad","8":"first","9":"instock","10":"taxable","11":"shipping-taxable","12":"purchasable","13":"product-type-simple"},"aioseo_notices":[],"locations":[],"jetpack_sharing_enabled":true,"_links":{"self":[{"href":"https:\/\/happyshop360.com\/en\/wp-json\/wp\/v2\/product\/3537","targetHints":{"allow":["GET"]}}],"collection":[{"href":"https:\/\/happyshop360.com\/en\/wp-json\/wp\/v2\/product"}],"about":[{"href":"https:\/\/happyshop360.com\/en\/wp-json\/wp\/v2\/types\/product"}],"replies":[{"embeddable":true,"href":"https:\/\/happyshop360.com\/en\/wp-json\/wp\/v2\/comments?post=3537"}],"wp:featuredmedia":[{"embeddable":true,"href":"https:\/\/happyshop360.com\/en\/wp-json\/wp\/v2\/media\/3541"}],"wp:attachment":[{"href":"https:\/\/happyshop360.com\/en\/wp-json\/wp\/v2\/media?parent=3537"}],"wp:term":[{"taxonomy":"location","embeddable":true,"href":"https:\/\/happyshop360.com\/en\/wp-json\/wp\/v2\/location?post=3537"},{"taxonomy":"product_brand","embeddable":true,"href":"https:\/\/happyshop360.com\/en\/wp-json\/wp\/v2\/product_brand?post=3537"},{"taxonomy":"product_cat","embeddable":true,"href":"https:\/\/happyshop360.com\/en\/wp-json\/wp\/v2\/product_cat?post=3537"},{"taxonomy":"product_tag","embeddable":true,"href":"https:\/\/happyshop360.com\/en\/wp-json\/wp\/v2\/product_tag?post=3537"}],"curies":[{"name":"wp","href":"https:\/\/api.w.org\/{rel}","templated":true}]}}