{"id":2010,"date":"2025-08-18T22:29:11","date_gmt":"2025-08-19T02:29:11","guid":{"rendered":"https:\/\/happyshop360.com\/?post_type=product&#038;p=2010"},"modified":"2026-04-17T00:01:23","modified_gmt":"2026-04-17T04:01:23","slug":"promo-corta-750","status":"publish","type":"product","link":"https:\/\/happyshop360.com\/en\/tienda\/promo-corta-750\/","title":{"rendered":"Del 17 al 19 de Abril Multiplica x6"},"content":{"rendered":"<p>Del 17 al 19 de Abril, los clientes que reciban una recarga internacional desde nuestros distribuidores oficiales, de 750 CUP, disfrutar\u00e1n de una promo especial: multiplicar\u00e1n por 6 el monto de dinero recargado en su saldo principal y obtendr\u00e1n datos ilimitados para navegar de 12:00 a.m. a 7:00 a.m. durante 30 d\u00edas.<\/p>\n<p>El bono de datos ilimitados se activa en el mismo momento en que el cliente reciba la recarga, para ser utilizado \u00fanicamente en el horario establecido de 12:00 a.m. a 7:00 a.m. durante los 30 d\u00edas siguientes a la activaci\u00f3n.<\/p>\n<p>El monto de dinero recargado (multiplicado x 6) se a\u00f1adir\u00e1 directamente al saldo principal, que mantendr\u00e1 el per\u00edodo de vigencia establecido de 330 d\u00edas a partir de la \u00faltima recarga recibida.<\/p>\n<p>A los clientes que, al momento de aplicar una recarga durante este per\u00edodo promocional, posean vigentes planes con datos nacionales, combos internacionales y\/o planes nacionales, planes de datos extra (en moneda nacional y en USD) y planes toDus, NO se les extender\u00e1 la fecha de vencimiento de los mismos.<\/p>\n<p>A los clientes que posean vigentes planes, combos o bonos con recursos de SMS y\/o MIN, NO se les extender\u00e1 tampoco la fecha de vigencia.<\/p>","protected":false},"excerpt":{"rendered":"<p>Del 17 al 19 de Abril, los clientes internacionales que recarguen 750 CUP, multiplicaran x6 el monto de dinero recargado en su saldo principal.<\/p>","protected":false},"featured_media":3492,"comment_status":"open","ping_status":"closed","template":"","meta":{"_rtcl_gb_attr":""},"location":[],"product_brand":[],"product_cat":[122],"product_tag":[],"class_list":{"0":"post-2010","1":"product","2":"type-product","3":"status-publish","4":"has-post-thumbnail","6":"product_cat-recargas","8":"first","9":"instock","10":"sale","11":"featured","12":"virtual","13":"purchasable","14":"product-type-simple"},"aioseo_notices":[],"locations":[],"jetpack_sharing_enabled":true,"_links":{"self":[{"href":"https:\/\/happyshop360.com\/en\/wp-json\/wp\/v2\/product\/2010","targetHints":{"allow":["GET"]}}],"collection":[{"href":"https:\/\/happyshop360.com\/en\/wp-json\/wp\/v2\/product"}],"about":[{"href":"https:\/\/happyshop360.com\/en\/wp-json\/wp\/v2\/types\/product"}],"replies":[{"embeddable":true,"href":"https:\/\/happyshop360.com\/en\/wp-json\/wp\/v2\/comments?post=2010"}],"wp:featuredmedia":[{"embeddable":true,"href":"https:\/\/happyshop360.com\/en\/wp-json\/wp\/v2\/media\/3492"}],"wp:attachment":[{"href":"https:\/\/happyshop360.com\/en\/wp-json\/wp\/v2\/media?parent=2010"}],"wp:term":[{"taxonomy":"location","embeddable":true,"href":"https:\/\/happyshop360.com\/en\/wp-json\/wp\/v2\/location?post=2010"},{"taxonomy":"product_brand","embeddable":true,"href":"https:\/\/happyshop360.com\/en\/wp-json\/wp\/v2\/product_brand?post=2010"},{"taxonomy":"product_cat","embeddable":true,"href":"https:\/\/happyshop360.com\/en\/wp-json\/wp\/v2\/product_cat?post=2010"},{"taxonomy":"product_tag","embeddable":true,"href":"https:\/\/happyshop360.com\/en\/wp-json\/wp\/v2\/product_tag?post=2010"}],"curies":[{"name":"wp","href":"https:\/\/api.w.org\/{rel}","templated":true}]}}