{"id":824,"date":"2021-12-15T09:09:27","date_gmt":"2021-12-15T09:09:27","guid":{"rendered":"https:\/\/startersites.io\/blocksy\/garderobe\/?page_id=13"},"modified":"2025-12-27T02:03:12","modified_gmt":"2025-12-27T07:03:12","slug":"quienes-somos","status":"publish","type":"page","link":"https:\/\/happyshop360.com\/en\/quienes-somos\/","title":{"rendered":"Who we are?"},"content":{"rendered":"\n<div class=\"wp-block-stackable-spacer stk-block-spacer stk--no-padding stk-block stk-020bf37\" data-block-id=\"020bf37\"><style>.stk-020bf37 {height:20px !important;}<\/style><\/div>\n\n\n\n<figure class=\"wp-block-image size-full is-resized\"><img loading=\"lazy\" decoding=\"async\" width=\"468\" height=\"105\" src=\"https:\/\/happyshop360.com\/wp-content\/uploads\/2025\/09\/logo3.png\" alt=\"\" class=\"wp-image-2566\" style=\"width:249px;height:auto\" srcset=\"https:\/\/happyshop360.com\/wp-content\/uploads\/2025\/09\/logo3.png 468w, https:\/\/happyshop360.com\/wp-content\/uploads\/2025\/09\/logo3-300x67.png 300w, https:\/\/happyshop360.com\/wp-content\/uploads\/2025\/09\/logo3-18x4.png 18w, https:\/\/happyshop360.com\/wp-content\/uploads\/2025\/09\/logo3-190x43.png 190w, https:\/\/happyshop360.com\/wp-content\/uploads\/2025\/09\/logo3-401x90.png 401w\" sizes=\"auto, (max-width: 468px) 100vw, 468px\" \/><\/figure>\n\n\n\n<div class=\"wp-block-stackable-columns stk-block-columns stk-block stk-25acfd9\" data-block-id=\"25acfd9\"><style>.stk-25acfd9 {padding-top:10px !important;padding-right:5px !important;padding-bottom:20px !important;padding-left:5px !important;}.stk-25acfd9-column{--stk-column-gap:50px !important;row-gap:50px !important;}<\/style><div class=\"stk-row stk-inner-blocks stk-block-content stk-content-align stk-25acfd9-column\">\n<div class=\"wp-block-stackable-column stk-block-column stk-column stk-block stk-4f39026\" data-v=\"4\" data-block-id=\"4f39026\"><style>.stk-4f39026-container{margin-top:0px !important;margin-right:0px !important;margin-bottom:0px !important;margin-left:0px !important;}.stk-4f39026 {padding-top:0px !important;padding-right:0px !important;padding-bottom:0px !important;padding-left:0px !important;overflow:visible !important;}.stk-4f39026 .stk-container{overflow:visible !important;}@media screen and (max-width:999px){.stk-4f39026-container{max-width:400px !important;min-width:auto !important;margin-right:auto !important;margin-left:auto !important;}}<\/style><div class=\"stk-column-wrapper stk-block-column__content stk-container stk-4f39026-container stk--no-background stk--no-padding\"><div class=\"stk-block-content stk-inner-blocks stk-4f39026-inner-blocks\">\n<p><strong>Qui\u00e9nes Somos?<\/strong> En Happyshop360 creemos en la conexi\u00f3n sin fronteras, donde cada persona tiene la oportunidad de mostrar al mundo lo que ofrece. <\/p>\n\n\n\n<p>Somos un espacio innovador que une a vendedores y clientes en un solo lugar, permitiendo que cualquier individuo, sin importar d\u00f3nde se encuentre, pueda dar a conocer sus productos o servicios y llegar a quienes los necesitan. <\/p>\n\n\n\n<p>Desde Cuba hasta EEUU, y extendi\u00e9ndose a todos los pa\u00edses del mundo, nuestro objetivo es brindar un punto de encuentro global que facilite la interacci\u00f3n, el crecimiento y las oportunidades. Aqu\u00ed, los vendedores pueden crear su propia cuenta y publicar lo que desean ofrecer, mientras que los clientes pueden explorar, descubrir y acceder a una amplia variedad de opciones de manera sencilla y segura. Somos el puente que conecta ideas, talentos y necesidades, creando una comunidad donde todos pueden crecer y alcanzar sus metas.<\/p>\n\n\n\n<p>Gracias por confiar en Happyshop360!!!<\/p>\n<\/div><\/div><\/div>\n<\/div><\/div>\n\n\n\n<div class=\"wp-block-stackable-columns stk-block-columns stk-block stk-b9a2dca\" data-block-id=\"b9a2dca\"><style>.stk-b9a2dca {padding-top:10px !important;padding-right:5px !important;padding-bottom:20px !important;padding-left:5px !important;}.stk-b9a2dca-column{--stk-column-gap:50px !important;row-gap:50px !important;}<\/style><div class=\"stk-row stk-inner-blocks stk-block-content stk-content-align stk-b9a2dca-column\">\n<div class=\"wp-block-stackable-column stk-block-column stk-column stk-block stk-295c483\" data-v=\"4\" data-block-id=\"295c483\"><style>.stk-295c483-container{margin-top:0px !important;margin-right:0px !important;margin-bottom:0px !important;margin-left:0px !important;}.stk-295c483 {padding-top:0px !important;padding-right:0px !important;padding-bottom:0px !important;padding-left:0px !important;overflow:visible !important;}.stk-295c483 .stk-container{overflow:visible !important;}@media screen and (min-width:690px) and (max-width:999px){.stk-295c483 {flex:var(--stk-flex-grow, 1) 1 calc(100% - var(--stk-column-gap, 0px) * 0 \/ 1 ) !important;}}@media screen and (max-width:999px){.stk-295c483-container{max-width:400px !important;min-width:auto !important;margin-right:auto !important;margin-left:auto !important;}}<\/style><div class=\"stk-column-wrapper stk-block-column__content stk-container stk-295c483-container stk--no-background stk--no-padding\"><div class=\"stk-block-content stk-inner-blocks stk-295c483-inner-blocks\">\n            <div class=\"wp-block-stackable-heading stk-block-heading stk-block-heading--v2 stk-block stk-4e57088\" id=\"d\" data-block-id=\"4e57088\">\n                <h2 class=\"stk-block-heading__text stk-block-heading--use-theme-margins\">Contacto<\/h2>\n            <\/div>\n            \n            <div class=\"contact-info-container\">\n                <div class=\"contact-info-item\">\n                    <div class=\"contact-icon\">\n                        <svg width=\"24\" height=\"24\" viewBox=\"0 0 24 24\" fill=\"none\" stroke=\"currentColor\" stroke-width=\"2\">\n                            <path d=\"M22 16.92v3a2 2 0 0 1-2.18 2 19.79 19.79 0 0 1-8.63-3.07 19.5 19.5 0 0 1-6-6 19.79 19.79 0 0 1-3.07-8.67A2 2 0 0 1 4.11 2h3a2 2 0 0 1 2 1.72 12.84 12.84 0 0 0 .7 2.81 2 2 0 0 1-.45 2.11L8.09 9.91a16 16 0 0 0 6 6l1.27-1.27a2 2 0 0 1 2.11-.45 12.84 12.84 0 0 0 2.81.7A2 2 0 0 1 22 16.92z\"\/>\n                        <\/svg>\n                    <\/div>\n                    <div class=\"contact-details\">\n                        <span class=\"contact-label\">Tel\u00e9fonos<\/span>\n                        <a href=\"tel:+17868739730\" class=\"contact-value phone\">+17868739730<\/a>\n                        <a href=\"tel:+17869295208\" class=\"contact-value phone\">+17869295208<\/a>\n                    <\/div>\n                <\/div>\n                \n                <div class=\"contact-info-item\">\n                    <div class=\"contact-icon\">\n                        <svg width=\"24\" height=\"24\" viewBox=\"0 0 24 24\" fill=\"none\" stroke=\"currentColor\" stroke-width=\"2\">\n                            <path d=\"M4 4h16c1.1 0 2 .9 2 2v12c0 1.1-.9 2-2 2H4c-1.1 0-2-.9-2-2V6c0-1.1.9-2 2-2z\"\/>\n                            <polyline points=\"22,6 12,13 2,6\"\/>\n                        <\/svg>\n                    <\/div>\n                    <div class=\"contact-details\">\n                        <span class=\"contact-label\">Correo Electr\u00f3nico<\/span>\n                        <a href=\"mailto:&#104;appy&#115;&#104;&#111;p360on&#108;&#105;&#110;&#101;&#64;&#103;ma&#105;&#108;&#46;co&#109;\" class=\"contact-value email\">ha&#112;p&#121;sho&#112;36&#48;&#111;&#110;&#108;i&#110;e&#64;&#103;ma&#105;&#108;&#46;&#99;om<\/a>\n                    <\/div>\n                <\/div>\n                \n                <div class=\"contact-info-item\">\n                    <div class=\"contact-icon\">\n                        <svg width=\"24\" height=\"24\" viewBox=\"0 0 24 24\" fill=\"none\" stroke=\"currentColor\" stroke-width=\"2\">\n                            <path d=\"M21 10c0 7-9 13-9 13s-9-6-9-13a9 9 0 0 1 18 0z\"\/>\n                            <circle cx=\"12\" cy=\"10\" r=\"3\"\/>\n                        <\/svg>\n                    <\/div>\n                    <div class=\"contact-details\">\n                        <span class=\"contact-label\">Direcci\u00f3n<\/span>\n                        <span class=\"contact-value contact-address\">1050 S Military trl Apt 204<br \/>\nDeerfield Beach, Florida 33442<br \/>\nEstados Unidos<\/span>\n                    <\/div>\n                <\/div>\n\n                <div class=\"contact-info-item\">\n                    <div class=\"contact-icon\">\n                        <svg width=\"24\" height=\"24\" viewBox=\"0 0 24 24\" fill=\"none\" stroke=\"currentColor\" stroke-width=\"2\">\n                            <path d=\"M18 2h-3a5 5 0 0 0-5 5v3H7v4h3v8h4v-8h3l1-4h-4V7a1 1 0 0 1 1-1h3z\"\/>\n                        <\/svg>\n                    <\/div>\n                    <div class=\"contact-details\">\n                        <span class=\"contact-label\">Redes Sociales<\/span>\n                        <div class=\"social-links\">\n                            <a href=\"https:\/\/www.instagram.com\/happyshop360online\" target=\"_blank\" rel=\"noopener noreferrer\" class=\"social-link\">\n                                <svg width=\"18\" height=\"18\" viewBox=\"0 0 24 24\" fill=\"none\" stroke=\"currentColor\" stroke-width=\"2\">\n                                    <rect x=\"2\" y=\"2\" width=\"20\" height=\"20\" rx=\"5\" ry=\"5\"><\/rect>\n                                    <path d=\"M16 11.37A4 4 0 1 1 12.63 8 4 4 0 0 1 16 11.37z\"><\/path>\n                                    <line x1=\"17.5\" y1=\"6.5\" x2=\"17.51\" y2=\"6.5\"><\/line>\n                                <\/svg>\n                                Instagram\n                            <\/a>\n                            <a href=\"https:\/\/www.tiktok.com\/@happyshop360online\" target=\"_blank\" rel=\"noopener noreferrer\" class=\"social-link\">\n                                <svg width=\"18\" height=\"18\" viewBox=\"0 0 24 24\" fill=\"none\" stroke=\"currentColor\" stroke-width=\"2\">\n                                    <path d=\"M9 12a4 4 0 1 0 0 8 4 4 0 0 0 0-8z\"><\/path>\n                                    <path d=\"M9 12V6a6 6 0 0 1 6-6v6\"><\/path>\n                                <\/svg>\n                                TikTok\n                            <\/a>\n                            <a href=\"https:\/\/x.com\/Happyshop360\" target=\"_blank\" rel=\"noopener noreferrer\" class=\"social-link\">\n                                <svg width=\"18\" height=\"18\" viewBox=\"0 0 24 24\" fill=\"none\" stroke=\"currentColor\" stroke-width=\"2\">\n                                    <path d=\"M23 3a10.9 10.9 0 0 1-3.14 1.53 4.48 4.48 0 0 0-7.86 3v1A10.66 10.66 0 0 1 3 4s-4 9 5 13a11.64 11.64 0 0 1-7 2c9 5 20 0 20-11.5a4.5 4.5 0 0 0-.08-.83A7.72 7.72 0 0 0 23 3z\"><\/path>\n                                <\/svg>\n                                X (Twitter)\n                            <\/a>\n                        <\/div>\n                    <\/div>\n                <\/div>\n            <\/div>\n        <\/div><\/div><\/div>\n\n\n\n<div class=\"wp-block-stackable-column stk-block-column stk-column stk-block stk-0db497d\" data-v=\"4\" data-block-id=\"0db497d\"><style>.stk-0db497d-container{margin-top:0px !important;margin-right:0px !important;margin-bottom:0px !important;margin-left:0px !important;}.stk-0db497d {align-self:flex-end !important;}@media screen and (min-width:690px) and (max-width:999px){.stk-0db497d {flex:var(--stk-flex-grow, 1) 1 calc(100% - var(--stk-column-gap, 0px) * 0 \/ 1 ) !important;}}<\/style><div class=\"stk-column-wrapper stk-block-column__content stk-container stk-0db497d-container stk--no-background stk--no-padding\"><div class=\"stk-block-content stk-inner-blocks stk-0db497d-inner-blocks\">\n<div class=\"wp-block-stackable-heading stk-block-heading stk-block-heading--v2 stk-block stk-74411c2\" id=\"d\" data-block-id=\"74411c2\"><style>@media screen and (max-width:999px){.stk-74411c2 {margin-bottom:15px !important;}.stk-74411c2 .stk-block-heading__text{font-size:30px !important;}}<\/style><h2 class=\"stk-block-heading__text stk-block-heading--use-theme-margins\">Escr\u00edbenos&#8230;<\/h2><\/div>\n\n\n<style id=\"wpforms-css-vars-156-block-5698b77c-6f9e-49e2-bf72-a0a42ed0eee1\">\n\t\t\t\t#wpforms-156.wpforms-block-5698b77c-6f9e-49e2-bf72-a0a42ed0eee1 {\n\t\t\t\t--wpforms-field-size-input-height: 43px;\n--wpforms-field-size-input-spacing: 15px;\n--wpforms-field-size-font-size: 16px;\n--wpforms-field-size-line-height: 19px;\n--wpforms-field-size-padding-h: 14px;\n--wpforms-field-size-checkbox-size: 16px;\n--wpforms-field-size-sublabel-spacing: 5px;\n--wpforms-field-size-icon-size: 1;\n--wpforms-label-size-font-size: 16px;\n--wpforms-label-size-line-height: 19px;\n--wpforms-label-size-sublabel-font-size: 14px;\n--wpforms-label-size-sublabel-line-height: 17px;\n--wpforms-button-size-font-size: 17px;\n--wpforms-button-size-height: 41px;\n--wpforms-button-size-padding-h: 15px;\n--wpforms-button-size-margin-top: 10px;\n\t\t\t}\n\t\t\t<\/style><div class=\"wpforms-container wpforms-container-full wpforms-block wpforms-block-5698b77c-6f9e-49e2-bf72-a0a42ed0eee1 wpforms-render-modern\" id=\"wpforms-156\"><form id=\"wpforms-form-156\" class=\"wpforms-validate wpforms-form\" data-formid=\"156\" method=\"post\" enctype=\"multipart\/form-data\" action=\"\/en\/wp-json\/wp\/v2\/pages\/824\" data-token=\"30420a28dc6e814317ecfb3e8698f291\" data-token-time=\"1776435244\"><noscript class=\"wpforms-error-noscript\">Please enable JavaScript in your browser to complete this form.<\/noscript><div id=\"wpforms-error-noscript\" style=\"display: none;\">Please enable JavaScript in your browser to complete this form.<\/div><div class=\"wpforms-field-container\"><div id=\"wpforms-156-field_0-container\" class=\"wpforms-field wpforms-field-name\" data-field-id=\"0\"><label class=\"wpforms-field-label\" for=\"wpforms-156-field_0\">Nombre <span class=\"wpforms-required-label\" aria-hidden=\"true\">*<\/span><\/label><input type=\"text\" id=\"wpforms-156-field_0\" class=\"wpforms-field-large wpforms-field-required\" name=\"wpforms[fields][0]\" aria-errormessage=\"wpforms-156-field_0-error\" required><\/div><div id=\"wpforms-156-field_4-container\" class=\"wpforms-field wpforms-field-text\" data-field-id=\"4\"><label class=\"wpforms-field-label\" for=\"wpforms-156-field_4\">Tel\u00e9fono <span class=\"wpforms-required-label\" aria-hidden=\"true\">*<\/span><\/label><input type=\"text\" id=\"wpforms-156-field_4\" class=\"wpforms-field-large wpforms-field-required\" name=\"wpforms[fields][4]\" aria-errormessage=\"wpforms-156-field_4-error\" required><\/div><div id=\"wpforms-156-field_1-container\" class=\"wpforms-field wpforms-field-email\" data-field-id=\"1\"><label class=\"wpforms-field-label\" for=\"wpforms-156-field_1\">Direcci\u00f3n de correo <span class=\"wpforms-required-label\" aria-hidden=\"true\">*<\/span><\/label><input type=\"email\" id=\"wpforms-156-field_1\" class=\"wpforms-field-large wpforms-field-required\" name=\"wpforms[fields][1]\" spellcheck=\"false\" aria-errormessage=\"wpforms-156-field_1-error\" required><\/div><div id=\"wpforms-156-field_2-container\" class=\"wpforms-field wpforms-field-textarea\" data-field-id=\"2\"><label class=\"wpforms-field-label\" for=\"wpforms-156-field_2\">Tu mensaje <span class=\"wpforms-required-label\" aria-hidden=\"true\">*<\/span><\/label><textarea id=\"wpforms-156-field_2\" class=\"wpforms-field-medium wpforms-field-required\" name=\"wpforms[fields][2]\" aria-errormessage=\"wpforms-156-field_2-error\" required><\/textarea><\/div><\/div><!-- .wpforms-field-container --><div class=\"wpforms-submit-container\" ><input type=\"hidden\" name=\"wpforms[id]\" value=\"156\"><input type=\"hidden\" name=\"page_title\" value=\"\"><input type=\"hidden\" name=\"page_url\" value=\"https:\/\/happyshop360.com\/en\/wp-json\/wp\/v2\/pages\/824\"><input type=\"hidden\" name=\"url_referer\" value=\"\"><button type=\"submit\" name=\"wpforms[submit]\" id=\"wpforms-submit-156\" class=\"wpforms-submit\" data-alt-text=\"Enviando...\" data-submit-text=\"Enviar Mensaje\" aria-live=\"assertive\" value=\"wpforms-submit\">Enviar Mensaje<\/button><\/div><\/form><\/div>  <!-- .wpforms-container --><\/div><\/div><\/div>\n<\/div><\/div>\n\n\n<p><!-- CONTENIDO SEO QUI\u00c9NES SOMOS - VERSI\u00d3N OPTIMIZADA --><\/p>\n<div style=\"display: none;\" aria-hidden=\"true\">\n<h1>Qui\u00e9nes Somos &#8211; Happyshop360 Miami y Servicios Cuba<\/h1>\n<p><img alt=\"Happyshop360 Miami equipo servicios cuba\" \/><\/p>\n<p><strong>Qui\u00e9nes Somos&#8230; Happyshop360 Miami<\/strong> es tu soluci\u00f3n confiable para servicios Cuba. <strong>Por ejemplo<\/strong>, recargas, y env\u00edos. Servicio garantizado.<\/p>\n<h2>Misi\u00f3n y Valores<\/h2>\n<p>Conectar familias cubanas. <strong>Espec\u00edficamente<\/strong>, desde <strong>Happyshop360 Miami<\/strong>. <strong>Tambi\u00e9n<\/strong>, transparencia total. <strong>Por lo tanto<\/strong>, confianza garantizada. <a href=\"\/servicios\">Ver servicios<\/a>.<\/p>\n<h2>Equipo Profesional<\/h2>\n<p><img alt=\"Equipo Happyshop360 Miami\" \/><\/p>\n<p>Equipo biling\u00fce especializado. <strong>Generalmente<\/strong>, experiencia en servicios Cuba. <strong>Como resultado<\/strong>, atenci\u00f3n personalizada. Calidad comprobada.<\/p>\n<h2>Compromiso Comunitario<\/h2>\n<p>M\u00e1s que negocio, compromiso real. <strong>Principalmente<\/strong>, comunidad cubana. <strong>Tambi\u00e9n<\/strong>, desarrollo Miami. <a href=\"\/contacto\">Cont\u00e1ctanos<\/a>.<\/p>\n<h2>Servicios Principales<\/h2>\n<p><img alt=\"Servicios Happyshop360 Miami\" \/><\/p>\n<p>Diversos servicios disponibles. <strong>Por ejemplo<\/strong>, <a href=\"\/recargas\">recargas m\u00f3viles<\/a>. <strong>Adem\u00e1s<\/strong>, <a href=\"\/envios-cuba\">servicios env\u00edo<\/a>.<\/p>\n<h2>Ventajas Claras<\/h2>\n<p>\u00bfPor qu\u00e9 elegirnos? <strong>Primeramente<\/strong>, experiencia. <strong>Seguidamente<\/strong>, precios. <strong>Finalmente<\/strong>, servicio. Excelencia garantizada.<\/p>\n<h2>Ubicaci\u00f3n Estrat\u00e9gica<\/h2>\n<p>Miami, Florida. <strong>Espec\u00edficamente<\/strong>, ubicaci\u00f3n perfecta. <strong>Por consiguiente<\/strong>, acceso f\u00e1cil. Conveniencia total.<\/p>\n<h2>Reconocimientos<\/h2>\n<p>Varios reconocimientos recibidos. <strong>Principalmente<\/strong>, servicio cliente. <strong>Tambi\u00e9n<\/strong>, crecimiento. Calidad certificada.<\/p>\n<h2>Visi\u00f3n Futura<\/h2>\n<p><img alt=\"Visi\u00f3n Happyshop360 Miami\" \/><\/p>\n<p>Expansi\u00f3n continua planeada. <strong>Inicialmente<\/strong>, m\u00e1s servicios. <strong>Posteriormente<\/strong>, ubicaciones. <strong>Finalmente<\/strong>, liderazgo.<\/p>\n<h2>Compromiso Calidad<\/h2>\n<p>Calidad prioridad absoluta. <strong>Generalmente<\/strong>, procesos optimizados. <strong>Adem\u00e1s<\/strong>, mejora continua. Resultados excelentes.<\/p>\n<h2>Recursos Oficiales<\/h2>\n<p>Colaboramos con <a href=\"https:\/\/www.export.gov\/article?id=Cuba-Market-Overview\" target=\"_blank\" rel=\"nofollow\">organizaciones oficiales<\/a>. <strong>Adem\u00e1s<\/strong>, <a href=\"https:\/\/www.treasury.gov\/resource-center\/sanctions\/Programs\/Pages\/cuba.aspx\" target=\"_blank\" rel=\"nofollow\">cumplimiento regulatorio<\/a>.<\/p>\n<p><strong>En conclusi\u00f3n<\/strong>, <strong>Happyshop360 Miami<\/strong> es confiable. <strong>Por esta raz\u00f3n<\/strong>, el\u00edgenos. <a href=\"\/contacto\">Contacto hoy<\/a>.<\/p>\n<\/div>","protected":false},"excerpt":{"rendered":"<p>Qui\u00e9nes Somos? En Happyshop360 creemos en la conexi\u00f3n sin fronteras, donde cada persona tiene la oportunidad de mostrar al mundo lo que ofrece. Somos un espacio innovador que une a vendedores y clientes en un solo lugar, permitiendo que cualquier individuo, sin importar d\u00f3nde se encuentre, pueda dar a conocer sus productos o servicios y<\/p>","protected":false},"author":1,"featured_media":0,"parent":0,"menu_order":0,"comment_status":"closed","ping_status":"closed","template":"","meta":{"_rtcl_gb_attr":"","footnotes":""},"class_list":["post-824","page","type-page","status-publish","hentry"],"blocksy_meta":{"styles_descriptor":{"styles":{"desktop":"[data-prefix=\"single_page\"] .entry-header .page-title {--theme-font-size:30px;} [data-prefix=\"single_page\"] .entry-header .entry-meta {--theme-font-weight:600;--theme-text-transform:uppercase;--theme-font-size:12px;--theme-line-height:1.3;} [data-prefix=\"single_page\"] .hero-section[data-type=\"type-2\"] {--min-height:0px;background-color:var(--theme-palette-color-6);background-image:none;--container-padding:10px 0px;} [data-prefix=\"single_page\"] .hero-section .ct-breadcrumbs {--itemSpacing:0px;} [data-prefix=\"single_page\"] [class*=\"ct-container\"] > article[class*=\"post\"] {--has-boxed:var(--true);--has-wide:var(--false);background-color:var(--has-background, var(--theme-palette-color-8));--theme-boxed-content-border-radius:3px;--theme-boxed-content-spacing:10px;--theme-boxed-content-box-shadow:0px 12px 18px -6px rgba(34, 56, 101, 0.04);}","tablet":"","mobile":""},"google_fonts":[],"version":6},"page_title_panel":"","has_hero_section":"enabled","b5a8e8ecd73a2d1bdc083724b92bf358":"","hero_section":"type-2","hero_elements":[{"id":"custom_title","enabled":true,"heading_tag":"h1","title":"Home","__id":"dclGfSzadtLDWEhVjiKzd"},{"id":"breadcrumbs","enabled":true,"__id":"gfnmgIKM6R9TXcx1nvCiw","hero_item_spacing":"0"},{"id":"custom_description","enabled":false,"description_visibility":{"desktop":true,"tablet":true,"mobile":false},"__id":"lyx0PrCRzdAaRbidkInVI"},{"id":"custom_meta","enabled":false,"meta_elements":[{"id":"author","enabled":true,"label":"By","has_author_avatar":"yes","avatar_size":25},{"id":"post_date","enabled":true,"label":"On","date_format_source":"default","date_format":"M j, Y"},{"id":"updated_date","enabled":false,"label":"On","date_format_source":"default","date_format":"M j, Y"},{"id":"categories","enabled":false,"label":"In","style":"simple"},{"id":"comments","enabled":true}],"page_meta_elements":{"joined":true,"articles_count":true,"comments":true},"__id":"29W0gPAURXiMCzrpzw3qy"}],"7e154d28cd3433ebd2b52a65fa352287":"","hero_alignment1":"center","hero_margin":40,"hero_alignment2":"center","hero_vertical_alignment":"center","b06089ceb60e1c2358df3dd815344e31":"","hero_structure":"normal","cd26de91d35cb1540fae797090dcc365":"","page_title_bg_type":"color","custom_hero_background":{"attachment_id":null},"parallax":{"desktop":false,"tablet":false,"mobile":false},"7fd8ccdb4238d868f5d9c97d4ace46bf":"","hero_height":"0px","pageTitleFont":{"family":"Default","variation":"Default","size":"30px","line-height":"CT_CSS_SKIP_RULE","letter-spacing":"CT_CSS_SKIP_RULE","text-transform":"CT_CSS_SKIP_RULE","text-decoration":"CT_CSS_SKIP_RULE"},"pageTitleFontColor":{"default":{"color":"CT_CSS_SKIP_RULEDEFAULT"}},"pageMetaFont":{"family":"Default","variation":"n6","size":"12px","line-height":"1.3","letter-spacing":"CT_CSS_SKIP_RULE","text-transform":"uppercase","text-decoration":"CT_CSS_SKIP_RULE"},"pageMetaFontColor":{"default":{"color":"CT_CSS_SKIP_RULEDEFAULT"},"hover":{"color":"CT_CSS_SKIP_RULEDEFAULT"}},"page_meta_button_type_font_colors":{"default":{"color":"CT_CSS_SKIP_RULEDEFAULT"},"hover":{"color":"CT_CSS_SKIP_RULEDEFAULT"}},"page_meta_button_type_background_colors":{"default":{"color":"CT_CSS_SKIP_RULEDEFAULT"},"hover":{"color":"CT_CSS_SKIP_RULEDEFAULT"}},"pageExcerptFont":{"family":"Default","variation":"Default","size":"CT_CSS_SKIP_RULE","line-height":"CT_CSS_SKIP_RULE","letter-spacing":"CT_CSS_SKIP_RULE","text-transform":"CT_CSS_SKIP_RULE","text-decoration":"CT_CSS_SKIP_RULE"},"pageExcerptColor":{"default":{"color":"CT_CSS_SKIP_RULEDEFAULT"}},"breadcrumbsFont":{"family":"Default","variation":"Default","size":"CT_CSS_SKIP_RULE","line-height":"CT_CSS_SKIP_RULE","letter-spacing":"CT_CSS_SKIP_RULE","text-transform":"CT_CSS_SKIP_RULE","text-decoration":"CT_CSS_SKIP_RULE"},"breadcrumbsFontColor":{"default":{"color":"CT_CSS_SKIP_RULEDEFAULT"},"initial":{"color":"CT_CSS_SKIP_RULEDEFAULT"},"hover":{"color":"CT_CSS_SKIP_RULEDEFAULT"}},"pageTitleOverlay":{"background_type":"color","background_pattern":"type-1","background_image":{"attachment_id":null,"x":0,"y":0},"gradient":"linear-gradient(135deg,rgba(6,147,227,1) 0%,rgb(155,81,224) 100%)","background_repeat":"repeat","background_size":"auto","background_attachment":"scroll","patternColor":{"default":{"color":"#e5e7ea"}},"overlayColor":{"default":{"color":"CT_CSS_SKIP_RULE"}},"backgroundColor":{"default":{"color":"CT_CSS_SKIP_RULE"}}},"pageTitleBackground":{"background_type":"color","background_pattern":"type-1","background_image":{"attachment_id":null,"x":0,"y":0},"gradient":"linear-gradient(135deg,rgba(6,147,227,1) 0%,rgb(155,81,224) 100%)","background_repeat":"repeat","background_size":"auto","background_attachment":"scroll","patternColor":{"default":{"color":"#e5e7ea"}},"overlayColor":{"default":{"color":"CT_CSS_SKIP_RULE"}},"backgroundColor":{"default":{"color":"var(--theme-palette-color-6)"}}},"pageTitlePadding":{"values":[{"value":"10","unit":"px"},{"value":"auto","unit":""},{"value":"10","unit":"px"},{"value":"auto","unit":""}],"custom":"","state":1},"525648c3a0104dc66d7938914252da9e":"","page_structure_type":"type-4","4f39fcfae578e432fc1b7e5a804f4dc0":"","content_style_source":"custom","content_style":"boxed","vertical_spacing_source":"custom","content_area_spacing":"none","background":{"background_type":"color","background_pattern":"type-1","background_image":{"attachment_id":null,"x":0,"y":0},"gradient":"linear-gradient(135deg,rgba(6,147,227,1) 0%,rgb(155,81,224) 100%)","background_repeat":"repeat","background_size":"auto","background_attachment":"scroll","patternColor":{"default":{"color":"#e5e7ea"}},"overlayColor":{"default":{"color":"CT_CSS_SKIP_RULE"}},"backgroundColor":{"default":{"color":"CT_CSS_SKIP_RULE"}}},"content_background":{"background_type":"color","background_pattern":"type-1","background_image":{"attachment_id":null,"x":0,"y":0},"gradient":"linear-gradient(135deg,rgba(6,147,227,1) 0%,rgb(155,81,224) 100%)","background_repeat":"repeat","background_size":"auto","background_attachment":"scroll","patternColor":{"default":{"color":"#e5e7ea"}},"overlayColor":{"default":{"color":"CT_CSS_SKIP_RULE"}},"backgroundColor":{"default":{"color":"var(--theme-palette-color-8)"}}},"content_boxed_shadow":{"inherit":false,"blur":18,"spread":-6,"v_offset":12,"h_offset":0,"inset":false,"enable":true,"color":{"color":"rgba(34, 56, 101, 0.04)"}},"boxed_content_spacing":{"values":[{"value":10,"unit":"px"},{"value":10,"unit":"px"},{"value":10,"unit":"px"},{"value":10,"unit":"px"}],"custom":"","state":1},"content_boxed_radius":{"top":"3px","bottom":"3px","left":"3px","right":"3px","linked":true},"2487fe51df1335eec2ccb15a676f5fb3":"","disable_featured_image":"no","disable_share_box":"no","disable_header":"no","disable_footer":"no"},"aioseo_notices":[],"jetpack_sharing_enabled":true,"_links":{"self":[{"href":"https:\/\/happyshop360.com\/en\/wp-json\/wp\/v2\/pages\/824","targetHints":{"allow":["GET"]}}],"collection":[{"href":"https:\/\/happyshop360.com\/en\/wp-json\/wp\/v2\/pages"}],"about":[{"href":"https:\/\/happyshop360.com\/en\/wp-json\/wp\/v2\/types\/page"}],"author":[{"embeddable":true,"href":"https:\/\/happyshop360.com\/en\/wp-json\/wp\/v2\/users\/1"}],"replies":[{"embeddable":true,"href":"https:\/\/happyshop360.com\/en\/wp-json\/wp\/v2\/comments?post=824"}],"version-history":[{"count":7,"href":"https:\/\/happyshop360.com\/en\/wp-json\/wp\/v2\/pages\/824\/revisions"}],"predecessor-version":[{"id":3485,"href":"https:\/\/happyshop360.com\/en\/wp-json\/wp\/v2\/pages\/824\/revisions\/3485"}],"wp:attachment":[{"href":"https:\/\/happyshop360.com\/en\/wp-json\/wp\/v2\/media?parent=824"}],"curies":[{"name":"wp","href":"https:\/\/api.w.org\/{rel}","templated":true}]}}