{"id":1658,"date":"2025-08-11T02:51:03","date_gmt":"2025-08-11T06:51:03","guid":{"rendered":"https:\/\/happyshop360.com\/?page_id=1658"},"modified":"2025-11-19T20:09:04","modified_gmt":"2025-11-20T01:09:04","slug":"localizacion","status":"publish","type":"page","link":"https:\/\/happyshop360.com\/en\/localizacion\/","title":{"rendered":"Localization"},"content":{"rendered":"<div class=\"wp-block-stackable-spacer stk-block-spacer stk--no-padding stk-block stk-e8d524a\" data-block-id=\"e8d524a\"><style>.stk-e8d524a {height:10px !important;}<\/style><\/div>\n\n\n<div class=\"localization-form-container\">\n<h2 class=\"localization-form-title\">Select the destination location of the products you wish to view<\/h2>\n<form class=\"localization-form\" action=\"\" method=\"GET\" data-trp-original-action=\"\"><!-- Pa\u00eds -->\n<div class=\"form-group\"><label for=\"country\">Country<\/label>\n<div class=\"select-with-help\"><select id=\"country\" class=\"input-field\" name=\"country\">\n<option value=\"\">Selecciona un pa\u00eds<\/option>\n<\/select><br \/><span class=\"help-tooltip\">?<br \/><span class=\"tooltip-text\">By selecting only the Country you will see all the products available for the entire country, not for those that are available only for a specific State\/Province or Municipality.<\/span><br \/><\/span><\/div>\n<\/div>\n<p><!-- Estado\/Provincia --><\/p>\n<div class=\"form-group\"><label for=\"state\">State\/Province:<\/label>\n<div class=\"select-with-help\"><select id=\"state\" class=\"input-field\" name=\"state\">\n<option value=\"\">Selecciona un estado\/provincia<\/option>\n<\/select><br \/><span class=\"help-tooltip\">?<br \/><span class=\"tooltip-text\">Al seleccionar solo hasta el Estado \/ Provincia ver\u00e1 todos los productos disponibles para todo el pais, y todos los productos disponibles para todo ese Estado \/ Provincia, no as\u00ed para los que est\u00e1n disponibles solo para alg\u00fan municipio en espec\u00edfico<\/span><br \/><\/span><\/div>\n<\/div>\n<p><!-- Municipio --><\/p>\n<div class=\"form-group\"><label for=\"city\">Town:<\/label>\n<div class=\"select-with-help\"><select id=\"city\" class=\"input-field\" name=\"city\">\n<option value=\"\">Selecciona un municipio<\/option>\n<\/select><br \/><span class=\"help-tooltip\">?<br \/><span class=\"tooltip-text\">Al seleccionar el Municipio ver\u00e1 todos los productos disponibles para todo el pais, todos los productos disponibles para todo el Estado \/ Provincia al que pertenece el Municipio,\u00a0 y ver\u00e1 todos los productos disponibles para ese Municipio<\/span><br \/><\/span><\/div>\n<\/div>\n<p><!-- Nuevo Checkbox --><\/p>\n<div class=\"checkbox-container\"><input id=\"skip-location\" class=\"checkbox-field\" name=\"skip-location\" type=\"checkbox\" \/><br \/><label class=\"checkbox-label\" for=\"skip-location\">Go to the Store without Location, just look<\/label><br \/><span class=\"help-tooltip\">?<br \/><span class=\"tooltip-text\">If you select this option, you will be able to see all the products in the Store, but in order to purchase, this page will appear again so that you can select the destination location for the products you are going to purchase.<\/span><br \/><\/span><\/div>\n<p><!-- Bot\u00f3n de enviar --><\/p>\n<div class=\"form-group\"><input class=\"submit-button\" type=\"submit\" value=\"Go to the Shop\" \/><\/div>\n<input type=\"hidden\" name=\"trp-form-language\" value=\"en\"\/><\/form><\/div>\n\n\n<div class=\"wp-block-stackable-spacer stk-block-spacer stk--no-padding stk-block stk-c50a1a5\" data-block-id=\"c50a1a5\"><style>.stk-c50a1a5 {height:10px !important;}<\/style><\/div>","protected":false},"excerpt":{"rendered":"<p>Seleccione la localizaci\u00f3n destino de los productos que desea ver Pa\u00eds: Selecciona un pa\u00eds?Al seleccionar solo el Pa\u00eds ver\u00e1 todos los productos disponibles para todo el pa\u00eds, no as\u00ed para los que est\u00e1n disponibles solo para alg\u00fan Estado \/ Provincia o Municipio en espec\u00edfico Estado\/Provincia: Selecciona un estado\/provincia?Al seleccionar solo hasta el Estado \/ Provincia<\/p>","protected":false},"author":1,"featured_media":0,"parent":0,"menu_order":0,"comment_status":"closed","ping_status":"closed","template":"","meta":{"_rtcl_gb_attr":"","footnotes":""},"class_list":["post-1658","page","type-page","status-publish","hentry"],"blocksy_meta":{"has_hero_section":"enabled","hero_section":"type-2","hero_elements":[{"id":"custom_title","enabled":true,"heading_tag":"h1","title":"Home","__id":"-oUP6hyb1nxwU6E5AaNSa"},{"id":"breadcrumbs","enabled":true,"__id":"IWITscJ54hEGrvfjD51m-","hero_item_spacing":"0"},{"id":"custom_description","enabled":false,"description_visibility":{"desktop":true,"tablet":true,"mobile":false},"__id":"qVbb_2cgzKalRR2BUQK9C"},{"id":"custom_meta","enabled":false,"meta_elements":[{"id":"author","enabled":true,"label":"Por","has_author_avatar":"yes","avatar_size":25},{"id":"post_date","enabled":true,"label":"El","date_format_source":"default","date_format":"M j, Y"},{"id":"updated_date","enabled":false,"label":"El","date_format_source":"default","date_format":"M j, Y"},{"id":"categories","enabled":false,"label":"En","style":"simple"},{"id":"comments","enabled":true}],"page_meta_elements":{"joined":true,"articles_count":true,"comments":true},"__id":"TSADcdmnlf0shFCugq4bu"}],"page_title_bg_type":"color","hero_height":"0px","pageTitlePadding":{"state":1,"values":[{"value":"10","unit":"px"},{"value":"auto","unit":""},{"value":"10","unit":"px"},{"value":"auto","unit":""}],"custom":""},"styles_descriptor":{"styles":{"desktop":"[data-prefix=\"single_page\"] .entry-header .page-title {--theme-font-size:30px;} [data-prefix=\"single_page\"] .entry-header .entry-meta {--theme-font-weight:600;--theme-text-transform:uppercase;--theme-font-size:12px;--theme-line-height:1.3;} [data-prefix=\"single_page\"] .hero-section[data-type=\"type-2\"] {--min-height:0px;background-color:var(--theme-palette-color-6);background-image:none;--container-padding:10px 0px;} [data-prefix=\"single_page\"] .hero-section .ct-breadcrumbs {--itemSpacing:0px;}","tablet":"","mobile":""},"google_fonts":[],"version":6},"vertical_spacing_source":"custom","content_area_spacing":"none","hero_structure":"narrow"},"aioseo_notices":[],"jetpack_sharing_enabled":true,"_links":{"self":[{"href":"https:\/\/happyshop360.com\/en\/wp-json\/wp\/v2\/pages\/1658","targetHints":{"allow":["GET"]}}],"collection":[{"href":"https:\/\/happyshop360.com\/en\/wp-json\/wp\/v2\/pages"}],"about":[{"href":"https:\/\/happyshop360.com\/en\/wp-json\/wp\/v2\/types\/page"}],"author":[{"embeddable":true,"href":"https:\/\/happyshop360.com\/en\/wp-json\/wp\/v2\/users\/1"}],"replies":[{"embeddable":true,"href":"https:\/\/happyshop360.com\/en\/wp-json\/wp\/v2\/comments?post=1658"}],"version-history":[{"count":2,"href":"https:\/\/happyshop360.com\/en\/wp-json\/wp\/v2\/pages\/1658\/revisions"}],"predecessor-version":[{"id":3145,"href":"https:\/\/happyshop360.com\/en\/wp-json\/wp\/v2\/pages\/1658\/revisions\/3145"}],"wp:attachment":[{"href":"https:\/\/happyshop360.com\/en\/wp-json\/wp\/v2\/media?parent=1658"}],"curies":[{"name":"wp","href":"https:\/\/api.w.org\/{rel}","templated":true}]}}